{"id":2145,"date":"2020-04-10T22:39:06","date_gmt":"2020-04-10T20:39:06","guid":{"rendered":"https:\/\/www.sophia-emmert.de\/?page_id=23"},"modified":"2023-04-04T09:54:42","modified_gmt":"2023-04-04T07:54:42","slug":"ueber-mich","status":"publish","type":"page","link":"https:\/\/www.lehrerin-laempel.eu\/index.php\/ueber-mich\/","title":{"rendered":"\u00dcber mich"},"content":{"rendered":"\n<figure class=\"wp-block-image size-large is-resized\"><img loading=\"lazy\" decoding=\"async\" src=\"https:\/\/www.lehrerin-laempel.eu\/wp-content\/uploads\/2021\/02\/8698A5F6-2849-4612-88DC-212A9B6C3C37-1140x855-1-1024x768.jpeg\" alt=\"\" class=\"wp-image-2313\" width=\"512\" height=\"384\" srcset=\"https:\/\/www.lehrerin-laempel.eu\/wp-content\/uploads\/2021\/02\/8698A5F6-2849-4612-88DC-212A9B6C3C37-1140x855-1-1024x768.jpeg 1024w, https:\/\/www.lehrerin-laempel.eu\/wp-content\/uploads\/2021\/02\/8698A5F6-2849-4612-88DC-212A9B6C3C37-1140x855-1-300x225.jpeg 300w, https:\/\/www.lehrerin-laempel.eu\/wp-content\/uploads\/2021\/02\/8698A5F6-2849-4612-88DC-212A9B6C3C37-1140x855-1-768x576.jpeg 768w, https:\/\/www.lehrerin-laempel.eu\/wp-content\/uploads\/2021\/02\/8698A5F6-2849-4612-88DC-212A9B6C3C37-1140x855-1-600x450.jpeg 600w, https:\/\/www.lehrerin-laempel.eu\/wp-content\/uploads\/2021\/02\/8698A5F6-2849-4612-88DC-212A9B6C3C37-1140x855-1.jpeg 1140w\" sizes=\"auto, (max-width: 512px) 100vw, 512px\" \/><\/figure>\n\n\n\n<blockquote class=\"wp-block-quote is-layout-flow wp-block-quote-is-layout-flow\"><p>\u201eEducation is the most powerful weapon which you can use to change the world.\u201d<\/p><cite>Nelson Mandela<\/cite><\/blockquote>\n\n\n\n<p><br>Mein Name ist Sophia und ich bin Grundschullehrerin an einer gro\u00dfen Schule in M\u00fcnchen. Ich habe in Salzburg und Spanien P\u00e4dagogik studiert. Danach habe ich mein Grundschullehramtsstudium in Augsburg angeschlossen. Im Herbst 2019 habe ich mein 1. Staatsexamen geschrieben und habe bis zum Beginn des Referendariats als Mobile Reserve an verschiedenen Schulen und in unterschiedlichsten Klassen gearbeitet. Nach zwei Jahren Referendariat habe ich im Herbst 2022 endlich mein 2. Staatsexamen in den H\u00e4nden gehalten. Seit dem unterrichte ich Vollzeit eine aufgeweckte Klasse. W\u00e4hrend der letzten Jahre habe ich mir immer wieder Inspiration f\u00fcr den Unterricht aus dem Netz geholt und freue mich \u00fcber den Austausch der dort stattfindet. Deshalb m\u00f6chte ich auch die <a href=\"https:\/\/www.lehrerin-laempel.eu\/index.php\/category\/blog\/\">Eindr\u00fccke<\/a>, die ich bisher gesammelt habe, hier teilen. Dazu findest du hier auch insbesondere das von mir erstellte <a href=\"https:\/\/www.lehrerin-laempel.eu\/index.php\/category\/material\/\">Material<\/a>.<\/p>\n\n\n\n<p>Alles Liebe, deine Sophia<\/p>\n","protected":false},"excerpt":{"rendered":"<p>\u201eEducation is the most powerful weapon which you can use to change the world.\u201d Nelson Mandela Mein Name ist Sophia und ich bin Grundschullehrerin an [&hellip;]<\/p>\n","protected":false},"author":1,"featured_media":223,"parent":0,"menu_order":0,"comment_status":"closed","ping_status":"closed","template":"","meta":{"footnotes":""},"class_list":["post-2145","page","type-page","status-publish","has-post-thumbnail","hentry"],"yoast_head":"<!-- This site is optimized with the Yoast SEO plugin v27.3 - https:\/\/yoast.com\/product\/yoast-seo-wordpress\/ -->\n<title>\u00dcber mich - Lehrerin L\u00e4mpel<\/title>\n<meta name=\"robots\" content=\"index, follow, max-snippet:-1, max-image-preview:large, max-video-preview:-1\" \/>\n<link rel=\"canonical\" href=\"https:\/\/www.lehrerin-laempel.eu\/index.php\/ueber-mich\/\" \/>\n<meta property=\"og:locale\" content=\"de_DE\" \/>\n<meta property=\"og:type\" content=\"article\" \/>\n<meta property=\"og:title\" content=\"\u00dcber mich - Lehrerin L\u00e4mpel\" \/>\n<meta property=\"og:description\" content=\"\u201eEducation is the most powerful weapon which you can use to change the world.\u201d Nelson Mandela Mein Name ist Sophia und ich bin Grundschullehrerin an [&hellip;]\" \/>\n<meta property=\"og:url\" content=\"https:\/\/www.lehrerin-laempel.eu\/index.php\/ueber-mich\/\" \/>\n<meta property=\"og:site_name\" content=\"Lehrerin L\u00e4mpel\" \/>\n<meta property=\"article:modified_time\" content=\"2023-04-04T07:54:42+00:00\" \/>\n<meta property=\"og:image\" content=\"https:\/\/www.lehrerin-laempel.eu\/wp-content\/uploads\/2020\/04\/8698A5F6-2849-4612-88DC-212A9B6C3C37.jpeg\" \/>\n\t<meta property=\"og:image:width\" content=\"2160\" \/>\n\t<meta property=\"og:image:height\" content=\"1620\" \/>\n\t<meta property=\"og:image:type\" content=\"image\/jpeg\" \/>\n<meta name=\"twitter:card\" content=\"summary_large_image\" \/>\n<meta name=\"twitter:label1\" content=\"Gesch\u00e4tzte Lesezeit\" \/>\n\t<meta name=\"twitter:data1\" content=\"2\u00a0Minuten\" \/>\n<script type=\"application\/ld+json\" class=\"yoast-schema-graph\">{\"@context\":\"https:\\\/\\\/schema.org\",\"@graph\":[{\"@type\":\"WebPage\",\"@id\":\"https:\\\/\\\/www.lehrerin-laempel.eu\\\/index.php\\\/ueber-mich\\\/\",\"url\":\"https:\\\/\\\/www.lehrerin-laempel.eu\\\/index.php\\\/ueber-mich\\\/\",\"name\":\"\u00dcber mich - Lehrerin L\u00e4mpel\",\"isPartOf\":{\"@id\":\"https:\\\/\\\/www.lehrerin-laempel.eu\\\/#website\"},\"primaryImageOfPage\":{\"@id\":\"https:\\\/\\\/www.lehrerin-laempel.eu\\\/index.php\\\/ueber-mich\\\/#primaryimage\"},\"image\":{\"@id\":\"https:\\\/\\\/www.lehrerin-laempel.eu\\\/index.php\\\/ueber-mich\\\/#primaryimage\"},\"thumbnailUrl\":\"https:\\\/\\\/www.lehrerin-laempel.eu\\\/wp-content\\\/uploads\\\/2020\\\/04\\\/8698A5F6-2849-4612-88DC-212A9B6C3C37.jpeg\",\"datePublished\":\"2020-04-10T20:39:06+00:00\",\"dateModified\":\"2023-04-04T07:54:42+00:00\",\"breadcrumb\":{\"@id\":\"https:\\\/\\\/www.lehrerin-laempel.eu\\\/index.php\\\/ueber-mich\\\/#breadcrumb\"},\"inLanguage\":\"de\",\"potentialAction\":[{\"@type\":\"ReadAction\",\"target\":[\"https:\\\/\\\/www.lehrerin-laempel.eu\\\/index.php\\\/ueber-mich\\\/\"]}]},{\"@type\":\"ImageObject\",\"inLanguage\":\"de\",\"@id\":\"https:\\\/\\\/www.lehrerin-laempel.eu\\\/index.php\\\/ueber-mich\\\/#primaryimage\",\"url\":\"https:\\\/\\\/www.lehrerin-laempel.eu\\\/wp-content\\\/uploads\\\/2020\\\/04\\\/8698A5F6-2849-4612-88DC-212A9B6C3C37.jpeg\",\"contentUrl\":\"https:\\\/\\\/www.lehrerin-laempel.eu\\\/wp-content\\\/uploads\\\/2020\\\/04\\\/8698A5F6-2849-4612-88DC-212A9B6C3C37.jpeg\",\"width\":2160,\"height\":1620},{\"@type\":\"BreadcrumbList\",\"@id\":\"https:\\\/\\\/www.lehrerin-laempel.eu\\\/index.php\\\/ueber-mich\\\/#breadcrumb\",\"itemListElement\":[{\"@type\":\"ListItem\",\"position\":1,\"name\":\"Home\",\"item\":\"https:\\\/\\\/www.lehrerin-laempel.eu\\\/\"},{\"@type\":\"ListItem\",\"position\":2,\"name\":\"\u00dcber mich\"}]},{\"@type\":\"WebSite\",\"@id\":\"https:\\\/\\\/www.lehrerin-laempel.eu\\\/#website\",\"url\":\"https:\\\/\\\/www.lehrerin-laempel.eu\\\/\",\"name\":\"Lehrerin L\u00e4mpel\",\"description\":\"\",\"potentialAction\":[{\"@type\":\"SearchAction\",\"target\":{\"@type\":\"EntryPoint\",\"urlTemplate\":\"https:\\\/\\\/www.lehrerin-laempel.eu\\\/?s={search_term_string}\"},\"query-input\":{\"@type\":\"PropertyValueSpecification\",\"valueRequired\":true,\"valueName\":\"search_term_string\"}}],\"inLanguage\":\"de\"}]}<\/script>\n<!-- \/ Yoast SEO plugin. -->","yoast_head_json":{"title":"\u00dcber mich - Lehrerin L\u00e4mpel","robots":{"index":"index","follow":"follow","max-snippet":"max-snippet:-1","max-image-preview":"max-image-preview:large","max-video-preview":"max-video-preview:-1"},"canonical":"https:\/\/www.lehrerin-laempel.eu\/index.php\/ueber-mich\/","og_locale":"de_DE","og_type":"article","og_title":"\u00dcber mich - Lehrerin L\u00e4mpel","og_description":"\u201eEducation is the most powerful weapon which you can use to change the world.\u201d Nelson Mandela Mein Name ist Sophia und ich bin Grundschullehrerin an [&hellip;]","og_url":"https:\/\/www.lehrerin-laempel.eu\/index.php\/ueber-mich\/","og_site_name":"Lehrerin L\u00e4mpel","article_modified_time":"2023-04-04T07:54:42+00:00","og_image":[{"width":2160,"height":1620,"url":"https:\/\/www.lehrerin-laempel.eu\/wp-content\/uploads\/2020\/04\/8698A5F6-2849-4612-88DC-212A9B6C3C37.jpeg","type":"image\/jpeg"}],"twitter_card":"summary_large_image","twitter_misc":{"Gesch\u00e4tzte Lesezeit":"2\u00a0Minuten"},"schema":{"@context":"https:\/\/schema.org","@graph":[{"@type":"WebPage","@id":"https:\/\/www.lehrerin-laempel.eu\/index.php\/ueber-mich\/","url":"https:\/\/www.lehrerin-laempel.eu\/index.php\/ueber-mich\/","name":"\u00dcber mich - Lehrerin L\u00e4mpel","isPartOf":{"@id":"https:\/\/www.lehrerin-laempel.eu\/#website"},"primaryImageOfPage":{"@id":"https:\/\/www.lehrerin-laempel.eu\/index.php\/ueber-mich\/#primaryimage"},"image":{"@id":"https:\/\/www.lehrerin-laempel.eu\/index.php\/ueber-mich\/#primaryimage"},"thumbnailUrl":"https:\/\/www.lehrerin-laempel.eu\/wp-content\/uploads\/2020\/04\/8698A5F6-2849-4612-88DC-212A9B6C3C37.jpeg","datePublished":"2020-04-10T20:39:06+00:00","dateModified":"2023-04-04T07:54:42+00:00","breadcrumb":{"@id":"https:\/\/www.lehrerin-laempel.eu\/index.php\/ueber-mich\/#breadcrumb"},"inLanguage":"de","potentialAction":[{"@type":"ReadAction","target":["https:\/\/www.lehrerin-laempel.eu\/index.php\/ueber-mich\/"]}]},{"@type":"ImageObject","inLanguage":"de","@id":"https:\/\/www.lehrerin-laempel.eu\/index.php\/ueber-mich\/#primaryimage","url":"https:\/\/www.lehrerin-laempel.eu\/wp-content\/uploads\/2020\/04\/8698A5F6-2849-4612-88DC-212A9B6C3C37.jpeg","contentUrl":"https:\/\/www.lehrerin-laempel.eu\/wp-content\/uploads\/2020\/04\/8698A5F6-2849-4612-88DC-212A9B6C3C37.jpeg","width":2160,"height":1620},{"@type":"BreadcrumbList","@id":"https:\/\/www.lehrerin-laempel.eu\/index.php\/ueber-mich\/#breadcrumb","itemListElement":[{"@type":"ListItem","position":1,"name":"Home","item":"https:\/\/www.lehrerin-laempel.eu\/"},{"@type":"ListItem","position":2,"name":"\u00dcber mich"}]},{"@type":"WebSite","@id":"https:\/\/www.lehrerin-laempel.eu\/#website","url":"https:\/\/www.lehrerin-laempel.eu\/","name":"Lehrerin L\u00e4mpel","description":"","potentialAction":[{"@type":"SearchAction","target":{"@type":"EntryPoint","urlTemplate":"https:\/\/www.lehrerin-laempel.eu\/?s={search_term_string}"},"query-input":{"@type":"PropertyValueSpecification","valueRequired":true,"valueName":"search_term_string"}}],"inLanguage":"de"}]}},"_links":{"self":[{"href":"https:\/\/www.lehrerin-laempel.eu\/index.php\/wp-json\/wp\/v2\/pages\/2145","targetHints":{"allow":["GET"]}}],"collection":[{"href":"https:\/\/www.lehrerin-laempel.eu\/index.php\/wp-json\/wp\/v2\/pages"}],"about":[{"href":"https:\/\/www.lehrerin-laempel.eu\/index.php\/wp-json\/wp\/v2\/types\/page"}],"author":[{"embeddable":true,"href":"https:\/\/www.lehrerin-laempel.eu\/index.php\/wp-json\/wp\/v2\/users\/1"}],"replies":[{"embeddable":true,"href":"https:\/\/www.lehrerin-laempel.eu\/index.php\/wp-json\/wp\/v2\/comments?post=2145"}],"version-history":[{"count":6,"href":"https:\/\/www.lehrerin-laempel.eu\/index.php\/wp-json\/wp\/v2\/pages\/2145\/revisions"}],"predecessor-version":[{"id":2420,"href":"https:\/\/www.lehrerin-laempel.eu\/index.php\/wp-json\/wp\/v2\/pages\/2145\/revisions\/2420"}],"wp:featuredmedia":[{"embeddable":true,"href":"https:\/\/www.lehrerin-laempel.eu\/index.php\/wp-json\/wp\/v2\/media\/223"}],"wp:attachment":[{"href":"https:\/\/www.lehrerin-laempel.eu\/index.php\/wp-json\/wp\/v2\/media?parent=2145"}],"curies":[{"name":"wp","href":"https:\/\/api.w.org\/{rel}","templated":true}]}}