{"id":13,"date":"2020-10-04T21:33:37","date_gmt":"2020-10-04T19:33:37","guid":{"rendered":"https:\/\/www.lehrerin-laempel.eu\/?page_id=13"},"modified":"2021-02-22T14:14:18","modified_gmt":"2021-02-22T13:14:18","slug":"impressum","status":"publish","type":"page","link":"https:\/\/www.lehrerin-laempel.eu\/index.php\/impressum\/","title":{"rendered":"Impressum"},"content":{"rendered":"\n<div class=\"wp-block-image is-style-default\"><figure class=\"alignleft size-large is-resized\"><img loading=\"lazy\" decoding=\"async\" src=\"https:\/\/www.lehrerin-laempel.eu\/wp-content\/uploads\/2020\/10\/500px-Emblem-section.svg_.png\" alt=\"Impressum Paragraph Sign\" class=\"wp-image-14\" width=\"36\" height=\"36\" srcset=\"https:\/\/www.lehrerin-laempel.eu\/wp-content\/uploads\/2020\/10\/500px-Emblem-section.svg_.png 500w, https:\/\/www.lehrerin-laempel.eu\/wp-content\/uploads\/2020\/10\/500px-Emblem-section.svg_-300x300.png 300w, https:\/\/www.lehrerin-laempel.eu\/wp-content\/uploads\/2020\/10\/500px-Emblem-section.svg_-150x150.png 150w\" sizes=\"auto, (max-width: 36px) 100vw, 36px\" \/><\/figure><\/div>\n\n\n\n<p>Im Folgenden finden Sie das Impressum dieser Internetpr\u00e4senz (https:\/\/www.lehrerin-laempel.eu) &#8211; dieses Impressum gilt gleicherma\u00dfen auch f\u00fcr die Social Media Profile auf Instagram, Youtube und Pinterest. <\/p>\n\n\n\n<p>Es soll sicherstellen, dass Sie als Besucher den Betreiber der jeweiligen Seiten eindeutig identifizieren k\u00f6nnen und ihnen entsprechende Kontaktm\u00f6glichkeiten anbieten. Sollten Sie also Fragen zum Inhalt dieser Webseite haben, z\u00f6gern sie nicht, uns \u00fcber eine der unten dargestellten Kontaktm\u00f6glichkeiten zu kontaktieren. <\/p>\n\n\n\n<h3 class=\"wp-block-heading\" id=\"m46\">Impressum &#8211; Diensteanbieter<\/h3>\n\n\n\n<p>Sophia Emmert<br>Horemansstr. 23<br>80636 M\u00fcnchen<br>Deutschland<\/p>\n\n\n\n<h3 class=\"wp-block-heading\" id=\"m56\">Impressum &#8211; Kontaktm\u00f6glichkeiten<\/h3>\n\n\n\n<p><strong>E-Mail-Adresse<\/strong>: se@sophia-emmert.de<br><strong>Telefon<\/strong>: +49 157 74 06 08 47<\/p>\n\n\n\n<h3 class=\"wp-block-heading\" id=\"m154\">Journalistisch-redaktionelle Angebote<\/h3>\n\n\n\n<p><strong>Inhaltlich verantwortlich<\/strong>: Sophia Emmert (Adresse wie oben)<\/p>\n\n\n\n<p><a rel=\"noreferrer noopener\" href=\"https:\/\/datenschutz-generator.de\/?l=de\" target=\"_blank\">Erstellt mit kostenlosem Datenschutz-Generator.de von Dr. Thomas Schwenke<\/a><\/p>\n\n\n\n<p><strong>Datenschutzerkl\u00e4rung: <\/strong><a href=\"https:\/\/www.lehrerin-laempel.eu\/index.php\/datenschutzerklaerung-2\/\">Datenschutzerkl\u00e4rung<\/a><\/p>\n\n\n\n<h3 class=\"wp-block-heading\">Bildquellen<\/h3>\n\n\n\n<p>Kate Hadfield Designs (https:\/\/katehadfielddesigns.com)<\/p>\n\n\n\n<p>Pixabay (https:\/\/pixabay.com)<\/p>\n\n\n\n<p>Grundschrift von Grundschulverband e.V. (https:\/\/Grundschulverband.de)<\/p>\n\n\n\n<p>Wikimedia Commons (<a href=\"https:\/\/commons.wikimedia.org\">https:\/\/commons.wikimedia.org<\/a>)<\/p>\n","protected":false},"excerpt":{"rendered":"<p>Im Folgenden finden Sie das Impressum dieser Internetpr\u00e4senz (https:\/\/www.lehrerin-laempel.eu) &#8211; dieses Impressum gilt gleicherma\u00dfen auch f\u00fcr die Social Media Profile auf Instagram, Youtube und Pinterest. [&hellip;]<\/p>\n","protected":false},"author":1,"featured_media":0,"parent":0,"menu_order":0,"comment_status":"closed","ping_status":"closed","template":"","meta":{"footnotes":""},"class_list":["post-13","page","type-page","status-publish","hentry"],"yoast_head":"<!-- This site is optimized with the Yoast SEO plugin v27.3 - https:\/\/yoast.com\/product\/yoast-seo-wordpress\/ -->\n<title>Impressum - Lehrerin L\u00e4mpel - Rechtliche Informationen<\/title>\n<meta name=\"description\" content=\"Dies ist das Impressum der Internetpr\u00e4senz von Lehrerin L\u00e4mpel (https:\/\/www.lehrerin-laempel.eu und https:\/\/www.lehrerin-l\u00e4mpel.eu).\" \/>\n<meta name=\"robots\" content=\"index, follow, max-snippet:-1, max-image-preview:large, max-video-preview:-1\" \/>\n<link rel=\"canonical\" href=\"https:\/\/www.lehrerin-laempel.eu\/index.php\/impressum\/\" \/>\n<meta property=\"og:locale\" content=\"de_DE\" \/>\n<meta property=\"og:type\" content=\"article\" \/>\n<meta property=\"og:title\" content=\"Impressum - Lehrerin L\u00e4mpel - Rechtliche Informationen\" \/>\n<meta property=\"og:description\" content=\"Dies ist das Impressum der Internetpr\u00e4senz von Lehrerin L\u00e4mpel (https:\/\/www.lehrerin-laempel.eu und https:\/\/www.lehrerin-l\u00e4mpel.eu).\" \/>\n<meta property=\"og:url\" content=\"https:\/\/www.lehrerin-laempel.eu\/index.php\/impressum\/\" \/>\n<meta property=\"og:site_name\" content=\"Lehrerin L\u00e4mpel\" \/>\n<meta property=\"article:modified_time\" content=\"2021-02-22T13:14:18+00:00\" \/>\n<meta property=\"og:image\" content=\"https:\/\/www.lehrerin-laempel.eu\/wp-content\/uploads\/2020\/10\/500px-Emblem-section.svg_.png\" \/>\n<meta name=\"twitter:card\" content=\"summary_large_image\" \/>\n<meta name=\"twitter:label1\" content=\"Gesch\u00e4tzte Lesezeit\" \/>\n\t<meta name=\"twitter:data1\" content=\"1\u00a0Minute\" \/>\n<script type=\"application\/ld+json\" class=\"yoast-schema-graph\">{\"@context\":\"https:\\\/\\\/schema.org\",\"@graph\":[{\"@type\":\"WebPage\",\"@id\":\"https:\\\/\\\/www.lehrerin-laempel.eu\\\/index.php\\\/impressum\\\/\",\"url\":\"https:\\\/\\\/www.lehrerin-laempel.eu\\\/index.php\\\/impressum\\\/\",\"name\":\"Impressum - Lehrerin L\u00e4mpel - Rechtliche Informationen\",\"isPartOf\":{\"@id\":\"https:\\\/\\\/www.lehrerin-laempel.eu\\\/#website\"},\"primaryImageOfPage\":{\"@id\":\"https:\\\/\\\/www.lehrerin-laempel.eu\\\/index.php\\\/impressum\\\/#primaryimage\"},\"image\":{\"@id\":\"https:\\\/\\\/www.lehrerin-laempel.eu\\\/index.php\\\/impressum\\\/#primaryimage\"},\"thumbnailUrl\":\"https:\\\/\\\/www.lehrerin-laempel.eu\\\/wp-content\\\/uploads\\\/2020\\\/10\\\/500px-Emblem-section.svg_.png\",\"datePublished\":\"2020-10-04T19:33:37+00:00\",\"dateModified\":\"2021-02-22T13:14:18+00:00\",\"description\":\"Dies ist das Impressum der Internetpr\u00e4senz von Lehrerin L\u00e4mpel (https:\\\/\\\/www.lehrerin-laempel.eu und https:\\\/\\\/www.lehrerin-l\u00e4mpel.eu).\",\"breadcrumb\":{\"@id\":\"https:\\\/\\\/www.lehrerin-laempel.eu\\\/index.php\\\/impressum\\\/#breadcrumb\"},\"inLanguage\":\"de\",\"potentialAction\":[{\"@type\":\"ReadAction\",\"target\":[\"https:\\\/\\\/www.lehrerin-laempel.eu\\\/index.php\\\/impressum\\\/\"]}]},{\"@type\":\"ImageObject\",\"inLanguage\":\"de\",\"@id\":\"https:\\\/\\\/www.lehrerin-laempel.eu\\\/index.php\\\/impressum\\\/#primaryimage\",\"url\":\"https:\\\/\\\/www.lehrerin-laempel.eu\\\/wp-content\\\/uploads\\\/2020\\\/10\\\/500px-Emblem-section.svg_.png\",\"contentUrl\":\"https:\\\/\\\/www.lehrerin-laempel.eu\\\/wp-content\\\/uploads\\\/2020\\\/10\\\/500px-Emblem-section.svg_.png\",\"width\":500,\"height\":500,\"caption\":\"Impressum Paragraph Sign\"},{\"@type\":\"BreadcrumbList\",\"@id\":\"https:\\\/\\\/www.lehrerin-laempel.eu\\\/index.php\\\/impressum\\\/#breadcrumb\",\"itemListElement\":[{\"@type\":\"ListItem\",\"position\":1,\"name\":\"Home\",\"item\":\"https:\\\/\\\/www.lehrerin-laempel.eu\\\/\"},{\"@type\":\"ListItem\",\"position\":2,\"name\":\"Impressum\"}]},{\"@type\":\"WebSite\",\"@id\":\"https:\\\/\\\/www.lehrerin-laempel.eu\\\/#website\",\"url\":\"https:\\\/\\\/www.lehrerin-laempel.eu\\\/\",\"name\":\"Lehrerin L\u00e4mpel\",\"description\":\"\",\"potentialAction\":[{\"@type\":\"SearchAction\",\"target\":{\"@type\":\"EntryPoint\",\"urlTemplate\":\"https:\\\/\\\/www.lehrerin-laempel.eu\\\/?s={search_term_string}\"},\"query-input\":{\"@type\":\"PropertyValueSpecification\",\"valueRequired\":true,\"valueName\":\"search_term_string\"}}],\"inLanguage\":\"de\"}]}<\/script>\n<!-- \/ Yoast SEO plugin. -->","yoast_head_json":{"title":"Impressum - Lehrerin L\u00e4mpel - Rechtliche Informationen","description":"Dies ist das Impressum der Internetpr\u00e4senz von Lehrerin L\u00e4mpel (https:\/\/www.lehrerin-laempel.eu und https:\/\/www.lehrerin-l\u00e4mpel.eu).","robots":{"index":"index","follow":"follow","max-snippet":"max-snippet:-1","max-image-preview":"max-image-preview:large","max-video-preview":"max-video-preview:-1"},"canonical":"https:\/\/www.lehrerin-laempel.eu\/index.php\/impressum\/","og_locale":"de_DE","og_type":"article","og_title":"Impressum - Lehrerin L\u00e4mpel - Rechtliche Informationen","og_description":"Dies ist das Impressum der Internetpr\u00e4senz von Lehrerin L\u00e4mpel (https:\/\/www.lehrerin-laempel.eu und https:\/\/www.lehrerin-l\u00e4mpel.eu).","og_url":"https:\/\/www.lehrerin-laempel.eu\/index.php\/impressum\/","og_site_name":"Lehrerin L\u00e4mpel","article_modified_time":"2021-02-22T13:14:18+00:00","og_image":[{"url":"https:\/\/www.lehrerin-laempel.eu\/wp-content\/uploads\/2020\/10\/500px-Emblem-section.svg_.png","type":"","width":"","height":""}],"twitter_card":"summary_large_image","twitter_misc":{"Gesch\u00e4tzte Lesezeit":"1\u00a0Minute"},"schema":{"@context":"https:\/\/schema.org","@graph":[{"@type":"WebPage","@id":"https:\/\/www.lehrerin-laempel.eu\/index.php\/impressum\/","url":"https:\/\/www.lehrerin-laempel.eu\/index.php\/impressum\/","name":"Impressum - Lehrerin L\u00e4mpel - Rechtliche Informationen","isPartOf":{"@id":"https:\/\/www.lehrerin-laempel.eu\/#website"},"primaryImageOfPage":{"@id":"https:\/\/www.lehrerin-laempel.eu\/index.php\/impressum\/#primaryimage"},"image":{"@id":"https:\/\/www.lehrerin-laempel.eu\/index.php\/impressum\/#primaryimage"},"thumbnailUrl":"https:\/\/www.lehrerin-laempel.eu\/wp-content\/uploads\/2020\/10\/500px-Emblem-section.svg_.png","datePublished":"2020-10-04T19:33:37+00:00","dateModified":"2021-02-22T13:14:18+00:00","description":"Dies ist das Impressum der Internetpr\u00e4senz von Lehrerin L\u00e4mpel (https:\/\/www.lehrerin-laempel.eu und https:\/\/www.lehrerin-l\u00e4mpel.eu).","breadcrumb":{"@id":"https:\/\/www.lehrerin-laempel.eu\/index.php\/impressum\/#breadcrumb"},"inLanguage":"de","potentialAction":[{"@type":"ReadAction","target":["https:\/\/www.lehrerin-laempel.eu\/index.php\/impressum\/"]}]},{"@type":"ImageObject","inLanguage":"de","@id":"https:\/\/www.lehrerin-laempel.eu\/index.php\/impressum\/#primaryimage","url":"https:\/\/www.lehrerin-laempel.eu\/wp-content\/uploads\/2020\/10\/500px-Emblem-section.svg_.png","contentUrl":"https:\/\/www.lehrerin-laempel.eu\/wp-content\/uploads\/2020\/10\/500px-Emblem-section.svg_.png","width":500,"height":500,"caption":"Impressum Paragraph Sign"},{"@type":"BreadcrumbList","@id":"https:\/\/www.lehrerin-laempel.eu\/index.php\/impressum\/#breadcrumb","itemListElement":[{"@type":"ListItem","position":1,"name":"Home","item":"https:\/\/www.lehrerin-laempel.eu\/"},{"@type":"ListItem","position":2,"name":"Impressum"}]},{"@type":"WebSite","@id":"https:\/\/www.lehrerin-laempel.eu\/#website","url":"https:\/\/www.lehrerin-laempel.eu\/","name":"Lehrerin L\u00e4mpel","description":"","potentialAction":[{"@type":"SearchAction","target":{"@type":"EntryPoint","urlTemplate":"https:\/\/www.lehrerin-laempel.eu\/?s={search_term_string}"},"query-input":{"@type":"PropertyValueSpecification","valueRequired":true,"valueName":"search_term_string"}}],"inLanguage":"de"}]}},"_links":{"self":[{"href":"https:\/\/www.lehrerin-laempel.eu\/index.php\/wp-json\/wp\/v2\/pages\/13","targetHints":{"allow":["GET"]}}],"collection":[{"href":"https:\/\/www.lehrerin-laempel.eu\/index.php\/wp-json\/wp\/v2\/pages"}],"about":[{"href":"https:\/\/www.lehrerin-laempel.eu\/index.php\/wp-json\/wp\/v2\/types\/page"}],"author":[{"embeddable":true,"href":"https:\/\/www.lehrerin-laempel.eu\/index.php\/wp-json\/wp\/v2\/users\/1"}],"replies":[{"embeddable":true,"href":"https:\/\/www.lehrerin-laempel.eu\/index.php\/wp-json\/wp\/v2\/comments?post=13"}],"version-history":[{"count":4,"href":"https:\/\/www.lehrerin-laempel.eu\/index.php\/wp-json\/wp\/v2\/pages\/13\/revisions"}],"predecessor-version":[{"id":2384,"href":"https:\/\/www.lehrerin-laempel.eu\/index.php\/wp-json\/wp\/v2\/pages\/13\/revisions\/2384"}],"wp:attachment":[{"href":"https:\/\/www.lehrerin-laempel.eu\/index.php\/wp-json\/wp\/v2\/media?parent=13"}],"curies":[{"name":"wp","href":"https:\/\/api.w.org\/{rel}","templated":true}]}}